{"id":10,"date":"2021-09-09T15:57:21","date_gmt":"2021-09-09T13:57:21","guid":{"rendered":"http:\/\/www.wienefoet.de\/sw\/?page_id=10"},"modified":"2021-09-23T12:33:09","modified_gmt":"2021-09-23T10:33:09","slug":"cv","status":"publish","type":"page","link":"https:\/\/www.wienefoet.de\/sw\/cv\/","title":{"rendered":"Lebenslauf"},"content":{"rendered":"\n<div class=\"wp-block-columns is-layout-flex wp-container-core-columns-is-layout-8f761849 wp-block-columns-is-layout-flex\">\n<div class=\"wp-block-column is-layout-flow wp-block-column-is-layout-flow\" style=\"flex-basis:100%\">\n<div class=\"wp-block-group\"><div class=\"wp-block-group__inner-container is-layout-flow wp-block-group-is-layout-flow\">\n<div class=\"wp-block-buttons is-layout-flex wp-block-buttons-is-layout-flex\"><\/div>\n<\/div><\/div>\n<\/div>\n<\/div>\n\n\n\n<h3 class=\"has-text-align-center wp-block-heading\">Silvia Wienefoet<\/h3>\n\n\n\n<figure class=\"wp-block-table is-style-stripes\"><table><tbody><tr><td class=\"has-text-align-center\" data-align=\"center\">1975<\/td><td>geboren in Gronau\/ Westf.<\/td><\/tr><tr><td class=\"has-text-align-center\" data-align=\"center\">1996 bis 2000<\/td><td>Universit\u00e4t Dortmund. Kunst- und Germanistikstudium.<br>Graphik Bernhard Balkenhol<\/td><\/tr><tr><td class=\"has-text-align-center\" data-align=\"center\">2002 bis 2006<\/td><td>Kunstakademie M\u00fcnster. Studium der Freien Kunst. Klasse Timm Ulrichs<\/td><\/tr><tr><td class=\"has-text-align-center\" data-align=\"center\">2006<\/td><td><em>Die Schutzh\u00fclle des Privaten<\/em>. Akademiebrief Freie Kunst. Prof. Timm Ulrichs. Kunstakademie M\u00fcnster<\/td><\/tr><\/tbody><\/table><\/figure>\n\n\n\n<hr class=\"wp-block-separator\"\/>\n\n\n\n<h3 class=\"has-text-align-center wp-block-heading\">F\u00f6rderungen | Stipendien<\/h3>\n\n\n\n<p class=\"wp-block-paragraph\"><\/p>\n\n\n\n<figure class=\"wp-block-table is-style-stripes\"><table><tbody><tr><td class=\"has-text-align-center\" data-align=\"center\">2017<\/td><td>Landschaftsverband Westfalen-Lippe\/ LWL | Katalogf\u00f6rderung<\/td><\/tr><tr><td class=\"has-text-align-center\" data-align=\"center\">2016<\/td><td>Kulturreferat LH M\u00fcnchen | M\u00fcnchen &#8211; dezentral | Realisierung<\/td><\/tr><tr><td class=\"has-text-align-center\" data-align=\"center\">2015<\/td><td>Quivid | Kunst am Bau Programm der Stadt M\u00fcnchen | Realisierung&nbsp;<br>STADT.KUNST Herten | Realisierung&nbsp;<br>Landeshauptstadt M\u00fcnchen\/ MGS | pasingby | Projektstipendium&nbsp;<br>LfA M\u00fcnchen | Katalogf\u00f6rderung<\/td><\/tr><tr><td class=\"has-text-align-center\" data-align=\"center\">2014<\/td><td>Bezirk Oberbayern. Kunst inklusiv | Ausstellungs- und Katalogf\u00f6rderung&nbsp;<br>BDA N\u00fcrnberg | Wettbewerb dichtDazwischen | Realisierung<\/td><\/tr><tr><td class=\"has-text-align-center\" data-align=\"center\">2013<\/td><td>Grenswerte. Europ\u00e4isches Interregprogramm grenz\u00fcberschreitender Zusammenarbeit | Realisierung&nbsp;<br>Kunsthalle Recklinghausen | Wettbewerb verOrten | Realisierung<\/td><\/tr><tr><td class=\"has-text-align-center\" data-align=\"center\">2012<\/td><td>KWW. Stiftung K\u00fcnstlerdorf Sch\u00f6ppingen. Kooperation Kunst | Wissenschaft | Wirtschaft | Projektstipendium<\/td><\/tr><tr><td class=\"has-text-align-center\" data-align=\"center\">2011 bis 2014<\/td><td>Atelierf\u00f6rderprogramm der Landeshauptstadt M\u00fcnchen<\/td><\/tr><tr><td class=\"has-text-align-center\" data-align=\"center\">2011<\/td><td>Give me Five! Wettbewerb f\u00fcr Kunst im \u00f6ffentlichen Raum | Kulturreferat N\u00fcrnberg | Realisierung<\/td><\/tr><tr><td class=\"has-text-align-center\" data-align=\"center\">2010<\/td><td>K\u00fcnstlergut Pr\u00f6sitz | Residenzstipendium<\/td><\/tr><\/tbody><\/table><\/figure>\n\n\n\n<hr class=\"wp-block-separator\"\/>\n\n\n\n<h3 class=\"has-text-align-center wp-block-heading\">Ausstellungen<\/h3>\n\n\n\n<p class=\"has-text-align-center wp-block-paragraph\">(Auswahl)<\/p>\n\n\n\n<figure class=\"wp-block-table is-style-stripes\"><table><tbody><tr><td>2017<\/td><td>St\u00e4dtische Galerie Traunstein | multitasking (GA, Traunstein)<br>Drinnen oder drau\u00dfen? | Kulturreferat der Stadt M\u00fcnchen | sch\u00f6nheimat (EA, M\u00fcnchen)<\/td><\/tr><tr><td>2016<\/td><td>Cuxhavener Kunstverein | changing of age (PA, Cuxhaven)<br>STADT.KUNST | transition | (EA\/Herten)<br>Quivid &#8211; Kunst am Bau Programm der Stadt M\u00fcnchen | 7,83 Hertz | (EA, M\u00fcnchen)<\/td><\/tr><tr><td>2015<\/td><td>Landeshauptstadt M\u00fcnchen\/MGS | pasingby | Der Stoff aus dem die Tr\u00e4ume sind. (GA, M\u00fcnchen)<br>Kloster Gravenhorst. Ideenwerkstatt | schimmern. (GA, H\u00f6rstel)<\/td><\/tr><tr><td>2014<\/td><td>Edition Karbit. Ich sehe was was du nicht siehst (GA, M\u00fcnchen)<br>BDA. Wettbewerb dichtDazwischen. BrownBear. (GA, N\u00fcrnberg)<br>Grenswerte. Altersgrenze (EA, Winterswijk, S\u00fcdlohn-Oeding)<br>platform. Was kommt? Was bleibt? (GA, M\u00fcnchen)<br>GrensWerte.Weltausstellung. Altersgrenze. Kloster Bentlage (GA, Rheine)<\/td><\/tr><tr><td>2013<\/td><td>Cuxhavener Kunstverein. Sehenswertes (EA, Cuxhaven)<br>Stiftung K\u00fcnstlerdorf Sch\u00f6ppingen. Leuchtfeuer (EA, Sch\u00f6ppingen)<br>Kunsthalle Recklinghausen. Ich sehe was was du nicht siehst (GA, Recklinghausen)<br>Kloster Gravenhorst. manto transalpin. (GA, H\u00f6rstel)<\/td><\/tr><tr><td>2012<\/td><td>platform3. a public moment. bepublic (GA, M\u00fcnchen)<\/td><\/tr><tr><td>2011<\/td><td>Vorortost Galerie. Stipendiatinnenausstellung K\u00fcnstlergut Pr\u00f6sitz (GA, Leipzig)<br>Give me Five. Wettbewerb. Realisierung des Projektes Kraftstoff. (EA, N\u00fcrnberg)<\/td><\/tr><tr><td>2010<\/td><td>Edition Karbit. Mein Sehnen nach dem Sehnen meiner Kindheit. (GA, M\u00fcnchen)<br>changing spaces. F\u00fcr alle? Innovative Vermittlungskonzepte f\u00fcr Kunst im Stadtraum. Eisfabrik. (GA, Hannover)<br>Demokratie und Luxus. Graphisches Log im \u00f6ffentlichen Raum (EA, M\u00fcnchen)<br>platform3. meins ist meins ist meine Arbeit. (GA, M\u00fcnchen)<br>Fernweh. K\u00fcnstlergut Pr\u00f6sitz. Graphisches Log im \u00f6ffentlichen Raum (EA, M\u00fcnchen)<\/td><\/tr><tr><td>2009<\/td><td>Edition Karbit. Zwei H\u00e4nde. (GA, M\u00fcnchen)<br>platform3.Raumsonde Alpenblick. manto transalpin. Graphisches Log im \u00f6ffentlichen Raum (EA, M\u00fcnchen)<br>Stadtteil Isarvorstadt. Erz\u00e4hle mir von deinem Reichtum. Graphisches Log im \u00f6ffentlichen Raum (EA, M\u00fcnchen)<\/td><\/tr><tr><td>2008<\/td><td>The Contemporary Art Department. The National Brukenthal Museum. Treioritrei (GA\/Sibiu, Rum\u00e4nien)<br>K\u00fcnstlerhaus Freising. Transit (GA\/Freising)<br>artlabs. Die J\u00fcngeren bleiben. Graphisches Log im \u00f6ffentlichen Raum (EA\/Sibiu, Rum\u00e4nien)<br>Trafoturm Sch\u00f6ppingen (Westf.). we are on transit here. Graphisches Log im \u00f6ffentlichen Raum (EA\/Sch\u00f6ppingen)<br>Tumblingerstra\u00dfe M\u00fcnchen. Worauf wartet deine Zukunft? Graphisches Log im \u00f6ffentlichen Raum (EA\/M\u00fcnchen)<br>DEW Dortmund. Graphische Logs. Preistr\u00e4gerausstellung (GA\/Dortmund)<\/td><\/tr><\/tbody><\/table><\/figure>\n\n\n\n<p class=\"wp-block-paragraph\"><\/p>\n","protected":false},"excerpt":{"rendered":"<p>Silvia Wienefoet 1975 geboren in Gronau\/ Westf. 1996 bis 2000 Universit\u00e4t Dortmund. Kunst- und Germanistikstudium.Graphik Bernhard Balkenhol 2002 bis 2006 Kunstakademie M\u00fcnster. Studium der Freien Kunst. Klasse Timm Ulrichs 2006 Die Schutzh\u00fclle des Privaten. Akademiebrief Freie Kunst. Prof. Timm Ulrichs. Kunstakademie M\u00fcnster F\u00f6rderungen | Stipendien 2017 Landschaftsverband Westfalen-Lippe\/ LWL | Katalogf\u00f6rderung 2016 Kulturreferat LH M\u00fcnchen [&hellip;]<\/p>\n","protected":false},"author":1,"featured_media":0,"parent":0,"menu_order":0,"comment_status":"closed","ping_status":"closed","template":"","meta":{"_crdt_document":"","footnotes":""},"class_list":["post-10","page","type-page","status-publish","hentry"],"_links":{"self":[{"href":"https:\/\/www.wienefoet.de\/sw\/wp-json\/wp\/v2\/pages\/10","targetHints":{"allow":["GET"]}}],"collection":[{"href":"https:\/\/www.wienefoet.de\/sw\/wp-json\/wp\/v2\/pages"}],"about":[{"href":"https:\/\/www.wienefoet.de\/sw\/wp-json\/wp\/v2\/types\/page"}],"author":[{"embeddable":true,"href":"https:\/\/www.wienefoet.de\/sw\/wp-json\/wp\/v2\/users\/1"}],"replies":[{"embeddable":true,"href":"https:\/\/www.wienefoet.de\/sw\/wp-json\/wp\/v2\/comments?post=10"}],"version-history":[{"count":10,"href":"https:\/\/www.wienefoet.de\/sw\/wp-json\/wp\/v2\/pages\/10\/revisions"}],"predecessor-version":[{"id":411,"href":"https:\/\/www.wienefoet.de\/sw\/wp-json\/wp\/v2\/pages\/10\/revisions\/411"}],"wp:attachment":[{"href":"https:\/\/www.wienefoet.de\/sw\/wp-json\/wp\/v2\/media?parent=10"}],"curies":[{"name":"wp","href":"https:\/\/api.w.org\/{rel}","templated":true}]}}